{"id":734,"date":"2018-07-26T10:49:22","date_gmt":"2018-07-26T13:49:22","guid":{"rendered":"https:\/\/escueladeteatrosanmiguel-bue.infd.edu.ar\/sitio\/?page_id=734"},"modified":"2022-10-21T01:14:43","modified_gmt":"2022-10-21T04:14:43","slug":"plan-de-estudio","status":"publish","type":"page","link":"https:\/\/escueladeteatrosanmiguel-bue.infd.edu.ar\/sitio\/catalogo\/plan-de-estudio\/","title":{"rendered":"Plan de estudio PROFESORADO DE TEATRO"},"content":{"rendered":"\n<h4 class=\"wp-block-heading\">Profesorado<\/h4>\n\n\n\n<ul><li> <p><strong>Acerca de la carrera:<\/strong> <br>Profesorado de Teatro RESOLUCI\u00d3N MINISTERIAL 175\/11. T\u00edtulo oficial con incumbencia en NIVEL INICIAL, PRIMARIA, SECUNDARIA, EDUCACI\u00d3N ESPECIAL, SUPERIOR, ESCUELAS DE ESTETICA, OTROS.<\/p> <\/li><li> <p><strong>Plan de estudios:<\/strong> <br>AVALADO POR LA DIRECCION GENERAL DE CULTURA Y EDUCACI\u00d3N Y LA DIRECCI\u00d3N DE ENSE\u00d1ANZA ARTISTICA DE LA PROVINCIA DE BUENOS AIRES CON LA RESOLUCI\u00d3N MINISTERIAL N.\u00ba 175\/11<\/p> <\/li><li> <p><strong>Perfil del Egresado:<\/strong><\/p> <p>La formaci\u00f3n de docentes en teatro supondr\u00e1 posicionarse frente al teatro en particular y la cultura en general, su producci\u00f3n, transmisi\u00f3n y transformaci\u00f3n en diversos contextos, considerando simult\u00e1neamente los saberes disciplinares propios de su campo, vinculados a la producci\u00f3n, en estrecha relaci\u00f3n con el an\u00e1lisis y la cr\u00edtica conceptual, como aquellos propios de los \u00e1mbitos pedag\u00f3gicos e institucionales.<\/p> <p><strong>El futuro docente de teatro:<\/strong><\/p> <ul><li>Podr\u00e1 llevar adelante su intervenci\u00f3n pedag\u00f3gica en el aula promoviendo aprendizajes relevantes en cada estudiante y deber\u00e1 ser capaz, a partir de sus conocimientos y su capacidad de gesti\u00f3n, de desarrollar acciones que contribuyan al mejoramiento de la ense\u00f1anza del campo de la pr\u00e1ctica teatral con una actitud participativa dentro de la instituci\u00f3n escolar, interactuado en espacios vinculados con la cultura local y sustentando su accionar a partir de una pr\u00e1ctica activa en la producci\u00f3n e investigaci\u00f3n de su disciplina.<\/li><li>El egresado de la escuela de teatro de San miguel ser\u00e1 un docente- artista activo y comprometido con su rol.<\/li><li>Consciente de la responsabilidad social de su funci\u00f3n, dispuesto a investigar y asumir las peculiaridades culturales de este distrito.<\/li><li>Sensible y abierto a la reelaboraci\u00f3n de las diversas tendencias est\u00e9ticas que informen su arte; multiplicador de su disciplina desde la convicci\u00f3n del servicio que la misma presta a la formaci\u00f3n plena del ser humano, particularmente en el crecimiento de la dimensi\u00f3n est\u00e9tica del mismo.<\/li><li>Generador y usuario del lenguaje espec\u00edfico privilegiando su car\u00e1cter de herramienta que completa la comunicaci\u00f3n humana.<\/li><li>Que conciba el arte dram\u00e1tico como un camino conducente al conocimiento de realidades sociales e individuales;<\/li><li>Consciente del teatro como la m\u00e1s solidaria de las artes en contraposici\u00f3n a la excesiva individuaci\u00f3n que algunas corrientes del pensamiento actual proponen;<\/li><li>De elevadas convicciones \u00e9ticas y de m\u00e1xima coherencia entre su pensamiento y su acci\u00f3n. <\/li><\/ul><\/li><\/ul>\n\n\n\n<h4 class=\"wp-block-heading\">Acerca de la carrera<\/h4>\n\n\n\n<p>P\u00e1rrafo de texto normal<\/p>\n\n\n\n<h4 class=\"wp-block-heading\">&nbsp;<\/h4>\n\n\n\n<h4 class=\"wp-block-heading\">&nbsp;<\/h4>\n\n\n\n<h4 class=\"wp-block-heading\">Plan de estudios<\/h4>\n\n\n\n<p>Desde el siguiente link podes acceder al plan de estudios completo<\/p>\n\n\n\n<div class=\"wp-block-file\"><a href=\"https:\/\/escueladeteatrosanmiguel-bue.infd.edu.ar\/sitio\/wp-content\/uploads\/2022\/03\/AnexoDisenoteatro.pdf\">AnexoDisenoteatro<\/a><a href=\"https:\/\/escueladeteatrosanmiguel-bue.infd.edu.ar\/sitio\/wp-content\/uploads\/2022\/03\/AnexoDisenoteatro.pdf\" class=\"wp-block-file__button\" download>Descarga<\/a><\/div>\n\n\n\n<p><strong>A\u00f1o<\/strong><\/p>\n\n\n\n<ul><li><strong>Materia<\/strong><\/li><\/ul>\n\n\n\n<p>Carga horaria<\/p>\n\n\n\n<p>Horario de cursado<\/p>\n\n\n\n<h4 class=\"wp-block-heading\">Perfil del egresado<\/h4>\n\n\n\n<p>P\u00e1rrafo de texto normal<\/p>\n\n\n\n<p><\/p>\n","protected":false},"excerpt":{"rendered":"<p>Profesorado Acerca de la carrera: Profesorado de Teatro RESOLUCI\u00d3N MINISTERIAL 175\/11. T\u00edtulo oficial con incumbencia en NIVEL INICIAL, PRIMARIA, SECUNDARIA, EDUCACI\u00d3N ESPECIAL, SUPERIOR, ESCUELAS DE ESTETICA, OTROS. Plan de estudios: AVALADO POR LA DIRECCION GENERAL DE CULTURA Y EDUCACI\u00d3N Y LA DIRECCI\u00d3N DE ENSE\u00d1ANZA ARTISTICA DE LA PROVINCIA DE BUENOS AIRES CON LA RESOLUCI\u00d3N MINISTERIAL &#8230; <a title=\"Plan de estudio PROFESORADO DE TEATRO\" class=\"read-more\" href=\"https:\/\/escueladeteatrosanmiguel-bue.infd.edu.ar\/sitio\/catalogo\/plan-de-estudio\/\" aria-label=\"M\u00e1s en Plan de estudio PROFESORADO DE TEATRO\">[+]<\/a><\/p>\n","protected":false},"author":6,"featured_media":0,"parent":644,"menu_order":0,"comment_status":"closed","ping_status":"closed","template":"","meta":[],"acf":[],"_links":{"self":[{"href":"https:\/\/escueladeteatrosanmiguel-bue.infd.edu.ar\/sitio\/wp-json\/wp\/v2\/pages\/734"}],"collection":[{"href":"https:\/\/escueladeteatrosanmiguel-bue.infd.edu.ar\/sitio\/wp-json\/wp\/v2\/pages"}],"about":[{"href":"https:\/\/escueladeteatrosanmiguel-bue.infd.edu.ar\/sitio\/wp-json\/wp\/v2\/types\/page"}],"author":[{"embeddable":true,"href":"https:\/\/escueladeteatrosanmiguel-bue.infd.edu.ar\/sitio\/wp-json\/wp\/v2\/users\/6"}],"replies":[{"embeddable":true,"href":"https:\/\/escueladeteatrosanmiguel-bue.infd.edu.ar\/sitio\/wp-json\/wp\/v2\/comments?post=734"}],"version-history":[{"count":9,"href":"https:\/\/escueladeteatrosanmiguel-bue.infd.edu.ar\/sitio\/wp-json\/wp\/v2\/pages\/734\/revisions"}],"predecessor-version":[{"id":865,"href":"https:\/\/escueladeteatrosanmiguel-bue.infd.edu.ar\/sitio\/wp-json\/wp\/v2\/pages\/734\/revisions\/865"}],"up":[{"embeddable":true,"href":"https:\/\/escueladeteatrosanmiguel-bue.infd.edu.ar\/sitio\/wp-json\/wp\/v2\/pages\/644"}],"wp:attachment":[{"href":"https:\/\/escueladeteatrosanmiguel-bue.infd.edu.ar\/sitio\/wp-json\/wp\/v2\/media?parent=734"}],"curies":[{"name":"wp","href":"https:\/\/api.w.org\/{rel}","templated":true}]}}