{"id":683,"date":"2018-07-25T15:06:14","date_gmt":"2018-07-25T18:06:14","guid":{"rendered":"https:\/\/escueladeteatrosanmiguel-bue.infd.edu.ar\/sitio\/?page_id=683"},"modified":"2022-03-25T13:48:12","modified_gmt":"2022-03-25T16:48:12","slug":"institucional","status":"publish","type":"page","link":"https:\/\/escueladeteatrosanmiguel-bue.infd.edu.ar\/sitio\/institucional\/","title":{"rendered":"El Instituto"},"content":{"rendered":"\n<p>ESCUELA DE TEATRO N\u00ba 1<\/p>\n\n\n\n<p>PRIMERA JUNTA 1108 &#8211; SAN MIGUEL<\/p>\n\n\n\n<p>TELEFONO DE CONTACTO: <\/p>\n\n\n\n<p>MAIL. escueladeteatron1@gmail.com<\/p>\n\n\n\n<ol type=\"1\"><li>Breve rese\u00f1a hist\u00f3rica.<\/li><\/ol>\n\n\n\n<p>En los comienzos, Las actividades teatrales se desarrollaron en el \u00e1mbito de la Direcci\u00f3n de Cultura del Partido de General Sarmiento, en el a\u00f1o 1979, con diferentes elencos barriales y municipales. Esta actividad se formaliz\u00f3 el <strong>16 de diciembre de 1992<\/strong>, mediante la creaci\u00f3n del <em>\u201cInstituto Municipal de Teatro y Literatura\u201d,<\/em> seg\u00fan lo dispuesto por la Ordenanza n\u00ba 1329\/ 92, promulgada por el Decreto n\u00ba 0012\/93, del Ejecutivo Municipal dando identidad a lo que fue la <em>Escuela Municipal de Teatro \u201cLeopoldo Marechal\u201d<\/em> con el Plan Oficial de Ense\u00f1anza n\u00ba 267, seg\u00fan lo dispone la Provincia de Buenos Aires.<\/p>\n\n\n\n<p>Se reconoce a la <em>Escuela Municipal de Teatro de la ciudad de San Miguel<\/em>, con fecha 8 de julio de 1999, dentro del \u00e1mbito de la Direcci\u00f3n de Educaci\u00f3n Art\u00edstica, bajo el N.\u00ba 6400<\/p>\n\n\n\n<p>Con resoluci\u00f3n N\u00b0 13255\/99, el 30 de diciembre se aprueba las estructuras curriculares y reg\u00edmenes de correlatividades de la Formaci\u00f3n B\u00e1sica, Formaci\u00f3n Docente y Tecnicaturas de la Disciplina Teatro. Realiza sus actividades en la calle Charlone 1146 de San Miguel donde hoy funciona el TEATRO \u201cLEOPOLDO MARECHAL\u201d<\/p>\n\n\n\n<p>Por Resoluci\u00f3n 4664\/03 se ratifica la denominaci\u00f3n de los t\u00edtulos otorgados (Resoluci\u00f3n 1106\/03) quedando como PROFESOR DE ARTES EN TEATRO.<\/p>\n\n\n\n<p>El 20 de junio de 2004 se dispone el pase de este establecimiento de jurisdicci\u00f3n Municipal a la Direcci\u00f3n Provincial de Educaci\u00f3n de Gesti\u00f3n privada conservando la Jurisdicci\u00f3n Municipal el sustento de los sueldos docentes y costeando todos los gastos para el manteniendo edilicio.<\/p>\n\n\n\n<p>Se otorga la validez nacional del t\u00edtulo de la Carrera de Formaci\u00f3n Docente, <strong>PROFESOR EN ARTES DE TEATRO<\/strong>, por Res. N\u00ba 790\/05 emitida por el MINISTERIO DE EDUCACION CIENCIA Y TECNOLOGIA, a partir del 4 de julio de 2005.<\/p>\n\n\n\n<p>Por Resoluciones 2169\/04 y 2271\/04 se otorga el N\u00ba 7369 bajo el cual se encuentra registrada esta Escuela de Teatro en DIPREGEP, haci\u00e9ndose efectivo el 5 de marzo de 2007.<\/p>\n\n\n\n<p>A partir del a\u00f1o 2011 se implementa el Nuevo Plan de la Formaci\u00f3n Docente, conformado por cinco a\u00f1os, uno de Formaci\u00f3n B\u00e1sica y cuatro de la carrera de PROFESOR DE TEATRO, bajo la Resoluci\u00f3n N\u00ba 175\/11 de la DIRECCION GENERAL DE CULTURA Y EDUACI\u00d3N &#8211; DIRECCION DE EDUCACI\u00d3N ARTISTICA, de la Provincia de Buenos Aires.<\/p>\n\n\n\n<p>Desde el 1 de Noviembre del a\u00f1o 2019 con Resoluci\u00f3n Ministerial de la DGCYE&nbsp; de la Provincia de Buenos aires N\u00b0 6166\/2019 Se realiza la Provincializaci\u00f3n de la \u201cEscuela de Teatro \u2013Leopoldo Marechal\u201d para ser la <strong>\u201cEscuela de Teatro N\u00b0 1\u201d <\/strong>teniendo cede en la Calle Primera Junta 1108 de la localidad de San Miguel y Anexo en el Teatro Municipal \u201cLeopoldo Marechal\u201d de la misma localidad.<\/p>\n\n\n\n<p>Este a\u00f1o (2022), nuestra instituci\u00f3n va a cumplir 30 a\u00f1os formando docentes de teatro y generando propuestas innovadoras para el distrito, la regi\u00f3n y la provincia de buenos aires. Seguramente ser\u00e1n muchos m\u00e1s.<\/p>\n","protected":false},"excerpt":{"rendered":"<p>ESCUELA DE TEATRO N\u00ba 1 PRIMERA JUNTA 1108 &#8211; SAN MIGUEL TELEFONO DE CONTACTO: MAIL. escueladeteatron1@gmail.com Breve rese\u00f1a hist\u00f3rica. En los comienzos, Las actividades teatrales se desarrollaron en el \u00e1mbito de la Direcci\u00f3n de Cultura del Partido de General Sarmiento, en el a\u00f1o 1979, con diferentes elencos barriales y municipales. Esta actividad se formaliz\u00f3 el &#8230; <a title=\"El Instituto\" class=\"read-more\" href=\"https:\/\/escueladeteatrosanmiguel-bue.infd.edu.ar\/sitio\/institucional\/\" aria-label=\"M\u00e1s en El Instituto\">[+]<\/a><\/p>\n","protected":false},"author":6,"featured_media":0,"parent":0,"menu_order":0,"comment_status":"closed","ping_status":"closed","template":"","meta":[],"acf":[],"_links":{"self":[{"href":"https:\/\/escueladeteatrosanmiguel-bue.infd.edu.ar\/sitio\/wp-json\/wp\/v2\/pages\/683"}],"collection":[{"href":"https:\/\/escueladeteatrosanmiguel-bue.infd.edu.ar\/sitio\/wp-json\/wp\/v2\/pages"}],"about":[{"href":"https:\/\/escueladeteatrosanmiguel-bue.infd.edu.ar\/sitio\/wp-json\/wp\/v2\/types\/page"}],"author":[{"embeddable":true,"href":"https:\/\/escueladeteatrosanmiguel-bue.infd.edu.ar\/sitio\/wp-json\/wp\/v2\/users\/6"}],"replies":[{"embeddable":true,"href":"https:\/\/escueladeteatrosanmiguel-bue.infd.edu.ar\/sitio\/wp-json\/wp\/v2\/comments?post=683"}],"version-history":[{"count":6,"href":"https:\/\/escueladeteatrosanmiguel-bue.infd.edu.ar\/sitio\/wp-json\/wp\/v2\/pages\/683\/revisions"}],"predecessor-version":[{"id":810,"href":"https:\/\/escueladeteatrosanmiguel-bue.infd.edu.ar\/sitio\/wp-json\/wp\/v2\/pages\/683\/revisions\/810"}],"wp:attachment":[{"href":"https:\/\/escueladeteatrosanmiguel-bue.infd.edu.ar\/sitio\/wp-json\/wp\/v2\/media?parent=683"}],"curies":[{"name":"wp","href":"https:\/\/api.w.org\/{rel}","templated":true}]}}